{"id":326,"date":"2013-08-29T19:02:08","date_gmt":"2013-08-29T17:02:08","guid":{"rendered":"https:\/\/ampullate.com\/acceuil"},"modified":"2025-03-01T22:18:29","modified_gmt":"2025-03-01T21:18:29","slug":"acceuil","status":"publish","type":"page","link":"https:\/\/ampullate.com\/fr","title":{"rendered":"Acceuil"},"content":{"rendered":"<p>Ampullate Inc. cr\u00e9e des solutions pour ses clients en s&#8217;appuyant sur des d\u00e9cennies d&#8217;exp\u00e9rience en programmation et cr\u00e9ation de sites web accessible au Canada, en France, et aux \u00c9tats Unis. Nous, avec nos employ\u00e9s et partenaires, avons aid\u00e9 des universit\u00e9s, associations, h\u00f4tels, restaurants, cabinets d&#8217;avocat, soci\u00e9t\u00e9s de capital-risque, et d&#8217;autres entreprises de toutes tailles \u00e0 cr\u00e9er des solutions web accessible et performantes en fonction de leurs besoins.<\/p>\n<img decoding=\"async\" class=\"arrow pad-arrow\" src=\"https:\/\/ampullate.com\/assets\/themes\/ampullate-2023\/img\/arrow_down.png\" alt=\"\" \/>\n<h2>Sites Professionnels<\/h2>\n<p>Ampullate cr\u00e9e des sites Web accessibles et s\u00e9curis\u00e9s et est une source de sites web auxquels nos clients font confiance. L&#8217;accessibilit\u00e9 et la s\u00e9curit\u00e9 du web sont \u00e0 la port\u00e9e de toutes et de tous&nbsp;!<\/p>\n<img decoding=\"async\" class=\"arrow pad-arrow\" src=\"https:\/\/ampullate.com\/assets\/themes\/ampullate-2023\/img\/arrow_down.png\" alt=\"\" \/>\n<h2>Support Professionnel<\/h2>\n<p>Ampullate peut \u00e9galement vous accompagner sur tous vos sites et solutions actuels. Nous fournissons un support administratif, de d\u00e9veloppement et c\u00f4t\u00e9 serveur pour toutes vos solutions, tout comme nous prenons en charge nos propres solutions.<\/p>\n<img decoding=\"async\" class=\"arrow pad-arrow\" src=\"https:\/\/ampullate.com\/assets\/themes\/ampullate-2023\/img\/arrow_down.png\" alt=\"\" \/>\n<h2>Contacter Nous<\/h2>\n<p>Contactez-nous en nous envoyant un m\u00e9l \u00e0 <a href=\"mailto:info@ampullate.com\" target=\"_blank\" rel=\"noopener\">info@ampullate.com<\/a><\/p>\n","protected":false},"excerpt":{"rendered":"<p>Ampullate Inc. cr\u00e9e des solutions pour ses clients en s&#8217;appuyant sur des d\u00e9cennies d&#8217;exp\u00e9rience en programmation et cr\u00e9ation de sites web accessible au Canada, en France, et aux \u00c9tats Unis. Nous, avec nos employ\u00e9s et partenaires, avons aid\u00e9 des universit\u00e9s, associations, h\u00f4tels, restaurants, cabinets d&#8217;avocat, soci\u00e9t\u00e9s de capital-risque, et d&#8217;autres entreprises de toutes tailles \u00e0 [&hellip;]<\/p>\n","protected":false},"author":2,"featured_media":0,"parent":0,"menu_order":0,"comment_status":"closed","ping_status":"closed","template":"front-page.php","meta":{"_acf_changed":false,"footnotes":""},"class_list":["post-326","page","type-page","status-publish","hentry"],"acf":[],"_links":{"self":[{"href":"https:\/\/ampullate.com\/fr\/wp-json\/wp\/v2\/pages\/326","targetHints":{"allow":["GET"]}}],"collection":[{"href":"https:\/\/ampullate.com\/fr\/wp-json\/wp\/v2\/pages"}],"about":[{"href":"https:\/\/ampullate.com\/fr\/wp-json\/wp\/v2\/types\/page"}],"author":[{"embeddable":true,"href":"https:\/\/ampullate.com\/fr\/wp-json\/wp\/v2\/users\/2"}],"replies":[{"embeddable":true,"href":"https:\/\/ampullate.com\/fr\/wp-json\/wp\/v2\/comments?post=326"}],"version-history":[{"count":6,"href":"https:\/\/ampullate.com\/fr\/wp-json\/wp\/v2\/pages\/326\/revisions"}],"predecessor-version":[{"id":878,"href":"https:\/\/ampullate.com\/fr\/wp-json\/wp\/v2\/pages\/326\/revisions\/878"}],"wp:attachment":[{"href":"https:\/\/ampullate.com\/fr\/wp-json\/wp\/v2\/media?parent=326"}],"curies":[{"name":"wp","href":"https:\/\/api.w.org\/{rel}","templated":true}]}}